{"id":42,"date":"2026-04-09T09:39:27","date_gmt":"2026-04-09T09:39:27","guid":{"rendered":"https:\/\/passion-costumes.fr\/?page_id=42"},"modified":"2026-04-10T15:04:25","modified_gmt":"2026-04-10T15:04:25","slug":"le-bureau","status":"publish","type":"page","link":"https:\/\/passion-costumes.fr\/index.php\/le-bureau\/","title":{"rendered":"L&rsquo;\u00e9quipe &amp; notre esprit"},"content":{"rendered":"\n<h2 class=\"wp-block-heading\">Le mot du bureau<\/h2>\n\n\n\n<figure class=\"wp-block-pullquote alignwide\"><blockquote><p><em>\u00ab\u00a0Pour nous, le costume n&rsquo;est jamais aussi beau que lorsqu&rsquo;il s&rsquo;inscrit dans un tableau d&rsquo;ensemble. Passion Costumes, c&rsquo;est avant tout l&rsquo;aventure d&rsquo;un collectif. Nous ne cherchons pas la mise en avant personnelle, mais le plaisir de cr\u00e9er ensemble une atmosph\u00e8re, un voyage dans le temps. C&rsquo;est cette humilit\u00e9 et cette envie de partager qui font la qualit\u00e9 de nos rencontres.\u00a0\u00bb<\/em><\/p><\/blockquote><\/figure>\n\n\n\n<h2 class=\"wp-block-heading\">Qui sommes-nous?<\/h2>\n\n\n\n<p><\/p>\n\n\n\n<div class=\"wp-block-media-text has-media-on-the-right is-stacked-on-mobile\"><div class=\"wp-block-media-text__content\">\n<h5 class=\"wp-block-heading\">Elodie Thevenet &#8211; Pr\u00e9sidente fondatrice<\/h5>\n\n\n\n<blockquote class=\"wp-block-quote is-layout-flow wp-block-quote-is-layout-flow\">\n<p>Couturi\u00e8re et costumi\u00e8re professionnelle<\/p>\n\n\n\n<p>Fondatrice de l&rsquo;association et forte de son expertise technique, elle assure la direction artistique de l&rsquo;association et veille \u00e0 la qualit\u00e9 historique des cr\u00e9ations. Son savoir-faire professionnel est le garant de l&rsquo;exigence de Passion Costumes. <\/p>\n<\/blockquote>\n<\/div><figure class=\"wp-block-media-text__media\"><img loading=\"lazy\" decoding=\"async\" width=\"682\" height=\"1024\" src=\"https:\/\/passion-costumes.fr\/wp-content\/uploads\/2026\/04\/wp-17758288446701559832729963475958-682x1024.jpg\" alt=\"\" class=\"wp-image-232 size-full\" srcset=\"https:\/\/passion-costumes.fr\/wp-content\/uploads\/2026\/04\/wp-17758288446701559832729963475958-682x1024.jpg 682w, https:\/\/passion-costumes.fr\/wp-content\/uploads\/2026\/04\/wp-17758288446701559832729963475958-200x300.jpg 200w, https:\/\/passion-costumes.fr\/wp-content\/uploads\/2026\/04\/wp-17758288446701559832729963475958-768x1152.jpg 768w, https:\/\/passion-costumes.fr\/wp-content\/uploads\/2026\/04\/wp-17758288446701559832729963475958-1024x1536.jpg 1024w, https:\/\/passion-costumes.fr\/wp-content\/uploads\/2026\/04\/wp-17758288446701559832729963475958.jpg 1333w\" sizes=\"auto, (max-width: 682px) 100vw, 682px\" \/><\/figure><\/div>\n\n\n\n<div class=\"wp-block-media-text is-stacked-on-mobile\"><figure class=\"wp-block-media-text__media\"><img loading=\"lazy\" decoding=\"async\" width=\"682\" height=\"1024\" src=\"https:\/\/passion-costumes.fr\/wp-content\/uploads\/2026\/04\/wp-17758279377751913969138951044626-682x1024.jpg\" alt=\"\" class=\"wp-image-227 size-full\" srcset=\"https:\/\/passion-costumes.fr\/wp-content\/uploads\/2026\/04\/wp-17758279377751913969138951044626-682x1024.jpg 682w, https:\/\/passion-costumes.fr\/wp-content\/uploads\/2026\/04\/wp-17758279377751913969138951044626-200x300.jpg 200w, https:\/\/passion-costumes.fr\/wp-content\/uploads\/2026\/04\/wp-17758279377751913969138951044626-768x1152.jpg 768w, https:\/\/passion-costumes.fr\/wp-content\/uploads\/2026\/04\/wp-17758279377751913969138951044626-1024x1536.jpg 1024w, https:\/\/passion-costumes.fr\/wp-content\/uploads\/2026\/04\/wp-17758279377751913969138951044626.jpg 1333w\" sizes=\"auto, (max-width: 682px) 100vw, 682px\" \/><\/figure><div class=\"wp-block-media-text__content\">\n<h5 class=\"wp-block-heading\">Mathilde Bergot -Tr\u00e9sori\u00e8re<\/h5>\n\n\n\n<blockquote class=\"wp-block-quote is-layout-flow wp-block-quote-is-layout-flow\">\n<p>Comptable retrait\u00e9e<\/p>\n<\/blockquote>\n\n\n\n<p>La gestion financi\u00e8re de l&rsquo;association est entre des mains expertes. La rigueur et l&rsquo;exp\u00e9rience de Mathilde permettent une gestion saine et transparente de nos budgets et subventions<\/p>\n<\/div><\/div>\n\n\n\n<div class=\"wp-block-media-text has-media-on-the-right is-stacked-on-mobile\"><div class=\"wp-block-media-text__content\">\n<h5 class=\"wp-block-heading\">C\u00e9line Lenglet &#8211; Secr\u00e9taire<\/h5>\n\n\n\n<blockquote class=\"wp-block-quote is-layout-flow wp-block-quote-is-layout-flow\">\n<p>Agent France services<\/p>\n\n\n\n<p>En contact quotidien avec le public et les administrations, C\u00e9line apporte son sens de l&rsquo;organisation et sa parfaite connaissance des rouages administratifs pour la gestion des dossiers de l&rsquo;association.<\/p>\n<\/blockquote>\n<\/div><figure class=\"wp-block-media-text__media\"><img loading=\"lazy\" decoding=\"async\" width=\"682\" height=\"1024\" src=\"https:\/\/passion-costumes.fr\/wp-content\/uploads\/2026\/04\/wp-17758281610842311104149488767724-682x1024.jpg\" alt=\"\" class=\"wp-image-230 size-full\" srcset=\"https:\/\/passion-costumes.fr\/wp-content\/uploads\/2026\/04\/wp-17758281610842311104149488767724-682x1024.jpg 682w, https:\/\/passion-costumes.fr\/wp-content\/uploads\/2026\/04\/wp-17758281610842311104149488767724-200x300.jpg 200w, https:\/\/passion-costumes.fr\/wp-content\/uploads\/2026\/04\/wp-17758281610842311104149488767724-768x1152.jpg 768w, https:\/\/passion-costumes.fr\/wp-content\/uploads\/2026\/04\/wp-17758281610842311104149488767724-1024x1536.jpg 1024w, https:\/\/passion-costumes.fr\/wp-content\/uploads\/2026\/04\/wp-17758281610842311104149488767724.jpg 1333w\" sizes=\"auto, (max-width: 682px) 100vw, 682px\" \/><\/figure><\/div>\n\n\n\n<div class=\"wp-block-media-text is-stacked-on-mobile\"><figure class=\"wp-block-media-text__media\"><img loading=\"lazy\" decoding=\"async\" width=\"682\" height=\"1024\" src=\"https:\/\/passion-costumes.fr\/wp-content\/uploads\/2026\/04\/wp-17757713251401664386935564016862-682x1024.jpg\" alt=\"\" class=\"wp-image-179 size-full\" srcset=\"https:\/\/passion-costumes.fr\/wp-content\/uploads\/2026\/04\/wp-17757713251401664386935564016862-682x1024.jpg 682w, https:\/\/passion-costumes.fr\/wp-content\/uploads\/2026\/04\/wp-17757713251401664386935564016862-200x300.jpg 200w, https:\/\/passion-costumes.fr\/wp-content\/uploads\/2026\/04\/wp-17757713251401664386935564016862-768x1152.jpg 768w, https:\/\/passion-costumes.fr\/wp-content\/uploads\/2026\/04\/wp-17757713251401664386935564016862-1024x1536.jpg 1024w, https:\/\/passion-costumes.fr\/wp-content\/uploads\/2026\/04\/wp-17757713251401664386935564016862.jpg 1333w\" sizes=\"auto, (max-width: 682px) 100vw, 682px\" \/><\/figure><div class=\"wp-block-media-text__content\">\n<h5 class=\"wp-block-heading\">Margaux S\u00e9vec &#8211; Secr\u00e9taire adjointe<\/h5>\n\n\n\n<blockquote class=\"wp-block-quote is-layout-flow wp-block-quote-is-layout-flow\">\n<p>Psychologue<\/p>\n\n\n\n<p>Margaux apporte ses comp\u00e9tences en relations humaines et sa capacit\u00e9 d&rsquo;\u00e9coute, essentielles pour l&rsquo;animation de la vie associative et la coh\u00e9sion de notre groupe.<\/p>\n<\/blockquote>\n<\/div><\/div>\n\n\n\n<hr class=\"wp-block-separator has-alpha-channel-opacity\"\/>\n\n\n\n<h3 class=\"wp-block-heading has-text-align-center\"><strong>Le plaisir de l&rsquo;harmonie collective<\/strong><\/h3>\n\n\n\n<p class=\"has-text-align-center\"><em>Pour nous, le costume n&rsquo;est jamais aussi beau que lorsqu&rsquo;il s&rsquo;inscrit dans un tableau d&rsquo;ensemble. Passion Costumes, c&rsquo;est avant tout l&rsquo;aventure d&rsquo;un collectif.<\/em><\/p>\n\n\n\n<ul class=\"wp-block-list\">\n<li><strong>L\u2019\u00e9clat du groupe :<\/strong> Nous aimons l\u2019id\u00e9e que notre force r\u00e9side dans notre unit\u00e9. Ici, nous ne cherchons pas la mise en avant personnelle, mais le plaisir de cr\u00e9er ensemble une atmosph\u00e8re, un voyage dans le temps. C&rsquo;est l&rsquo;harmonie de nos silhouettes r\u00e9unies qui fait la magie de nos sorties.<\/li>\n\n\n\n<li><strong>Un engagement partag\u00e9 :<\/strong> On rejoint l&rsquo;association pour le bonheur de contribuer \u00e0 un projet commun. Chaque membre, par sa pr\u00e9sence et son sourire, apporte une pierre \u00e0 l&rsquo;\u00e9difice. C&rsquo;est cette humilit\u00e9 et cette envie de partager qui font la qualit\u00e9 de nos rencontres.<\/li>\n\n\n\n<li><strong>La bienveillance comme fil conducteur :<\/strong> En privil\u00e9giant le \u00ab\u00a0nous\u00a0\u00bb au \u00ab\u00a0je\u00a0\u00bb, nous garantissons \u00e0 chacun une place sereine, loin de toute comp\u00e9tition, pour que seule la passion du costume et de l&rsquo;Histoire demeure.<\/li>\n<\/ul>\n","protected":false},"excerpt":{"rendered":"<p>Le mot du bureau \u00ab\u00a0Pour nous, le costume n&rsquo;est jamais aussi beau que lorsqu&rsquo;il s&rsquo;inscrit dans un tableau d&rsquo;ensemble. Passion Costumes, c&rsquo;est avant tout l&rsquo;aventure d&rsquo;un collectif. Nous ne cherchons pas la mise en avant personnelle, mais le plaisir de cr\u00e9er ensemble une atmosph\u00e8re, un voyage dans le temps. C&rsquo;est cette humilit\u00e9 et cette envie [&hellip;]<\/p>\n","protected":false},"author":1,"featured_media":0,"parent":0,"menu_order":0,"comment_status":"closed","ping_status":"closed","template":"","meta":{"footnotes":""},"class_list":["post-42","page","type-page","status-publish","hentry"],"jetpack_sharing_enabled":true,"_links":{"self":[{"href":"https:\/\/passion-costumes.fr\/index.php\/wp-json\/wp\/v2\/pages\/42","targetHints":{"allow":["GET"]}}],"collection":[{"href":"https:\/\/passion-costumes.fr\/index.php\/wp-json\/wp\/v2\/pages"}],"about":[{"href":"https:\/\/passion-costumes.fr\/index.php\/wp-json\/wp\/v2\/types\/page"}],"author":[{"embeddable":true,"href":"https:\/\/passion-costumes.fr\/index.php\/wp-json\/wp\/v2\/users\/1"}],"replies":[{"embeddable":true,"href":"https:\/\/passion-costumes.fr\/index.php\/wp-json\/wp\/v2\/comments?post=42"}],"version-history":[{"count":5,"href":"https:\/\/passion-costumes.fr\/index.php\/wp-json\/wp\/v2\/pages\/42\/revisions"}],"predecessor-version":[{"id":245,"href":"https:\/\/passion-costumes.fr\/index.php\/wp-json\/wp\/v2\/pages\/42\/revisions\/245"}],"wp:attachment":[{"href":"https:\/\/passion-costumes.fr\/index.php\/wp-json\/wp\/v2\/media?parent=42"}],"curies":[{"name":"wp","href":"https:\/\/api.w.org\/{rel}","templated":true}]}}