{"id":40,"date":"2026-04-09T09:07:39","date_gmt":"2026-04-09T09:07:39","guid":{"rendered":"https:\/\/passion-costumes.fr\/?page_id=40"},"modified":"2026-04-10T16:27:34","modified_gmt":"2026-04-10T16:27:34","slug":"les-sorties-et-evenements","status":"publish","type":"page","link":"https:\/\/passion-costumes.fr\/index.php\/les-sorties-et-evenements\/","title":{"rendered":"Vos \u00c9v\u00e9nements"},"content":{"rendered":"\n<h2 class=\"wp-block-heading alignwide has-text-align-center\"><br>Un voyage \u00e0 travers les \u00e9poques<\/h2>\n\n\n\n<figure class=\"wp-block-image alignfull size-large\"><img loading=\"lazy\" decoding=\"async\" width=\"1024\" height=\"576\" src=\"https:\/\/passion-costumes.fr\/wp-content\/uploads\/2026\/04\/wp-1775770686114895074729367440374-1024x576.jpg\" alt=\"\" class=\"wp-image-85\" srcset=\"https:\/\/passion-costumes.fr\/wp-content\/uploads\/2026\/04\/wp-1775770686114895074729367440374-1024x576.jpg 1024w, https:\/\/passion-costumes.fr\/wp-content\/uploads\/2026\/04\/wp-1775770686114895074729367440374-300x169.jpg 300w, https:\/\/passion-costumes.fr\/wp-content\/uploads\/2026\/04\/wp-1775770686114895074729367440374-768x432.jpg 768w, https:\/\/passion-costumes.fr\/wp-content\/uploads\/2026\/04\/wp-1775770686114895074729367440374-1536x864.jpg 1536w, https:\/\/passion-costumes.fr\/wp-content\/uploads\/2026\/04\/wp-1775770686114895074729367440374.jpg 2000w\" sizes=\"auto, (max-width: 1024px) 100vw, 1024px\" \/><\/figure>\n\n\n\n<div class=\"wp-block-columns is-layout-flex wp-container-core-columns-is-layout-28f84493 wp-block-columns-is-layout-flex\">\n<div class=\"wp-block-column is-layout-flow wp-block-column-is-layout-flow\">\n<blockquote class=\"wp-block-quote is-layout-flow wp-block-quote-is-layout-flow\">\n<p><em>De la rigueur du Moyen \u00c2ge \u00e0 l&rsquo;\u00e9l\u00e9gance des ann\u00e9es 1960, jusqu\u2019aux confins de l\u2019imaginaire, Passion Costumes donne vie \u00e0 vos projets les plus ambitieux.<\/em><\/p>\n<\/blockquote>\n<\/div>\n<\/div>\n\n\n\n<div class=\"wp-block-columns alignfull is-layout-flex wp-container-core-columns-is-layout-28f84493 wp-block-columns-is-layout-flex\">\n<div class=\"wp-block-column is-layout-flow wp-block-column-is-layout-flow\">\n<div class=\"wp-block-columns alignfull are-vertically-aligned-top is-layout-flex wp-container-core-columns-is-layout-28f84493 wp-block-columns-is-layout-flex\">\n<div class=\"wp-block-column is-vertically-aligned-top is-layout-flow wp-block-column-is-layout-flow\" style=\"flex-basis:100%\">\n<div class=\"wp-block-columns alignfull are-vertically-aligned-top is-layout-flex wp-container-core-columns-is-layout-28f84493 wp-block-columns-is-layout-flex\">\n<div class=\"wp-block-column is-vertically-aligned-top is-layout-flow wp-block-column-is-layout-flow\" style=\"flex-basis:50%\">\n<h3 class=\"wp-block-heading\"><strong>Un r\u00e9pertoire historique et fantastique sans limite<\/strong><\/h3>\n\n\n\n<p>Notre association ne se limite pas \u00e0 une seule p\u00e9riode. Nous disposons d&rsquo;un vestiaire et d&rsquo;un savoir-faire couvrant un large spectre temporel et cr\u00e9atif :<\/p>\n\n\n\n<ul class=\"wp-block-list\">\n<li><strong>Histoire Vivante :<\/strong> Reconstitution et \u00e9vocations du <strong>Moyen \u00c2ge<\/strong>, de la <strong>Renaissance<\/strong>, du <strong>XVIIIe si\u00e8cle<\/strong>, du <strong>Second Empire<\/strong> jusqu&rsquo;aux <strong>ann\u00e9es 1960<\/strong>.<\/li>\n\n\n\n<li><strong>Univers Imaginaires :<\/strong> Cr\u00e9ations pour des \u00e9v\u00e9nements th\u00e9matiques li\u00e9s au <strong>Fantastique<\/strong>, \u00e0 la <strong>Fiction<\/strong> ou au <strong>Steampunk<\/strong>.<\/li>\n<\/ul>\n\n\n\n<h3 class=\"wp-block-heading\"><strong>Nos prestations pour vos \u00e9v\u00e9nements<\/strong><\/h3>\n\n\n\n<p>Nous adaptons nos interventions selon vos besoins et la configuration de vos lieux :<\/p>\n\n\n\n<ul class=\"wp-block-list\">\n<li><strong>D\u00e9ambulations et Tableaux Vivants :<\/strong> Une pr\u00e9sence costum\u00e9e pour sublimer le patrimoine, accueillir le public ou animer des parcs et monuments.<\/li>\n\n\n\n<li><strong>Expositions de Costumes :<\/strong> Mise en sc\u00e8ne de tenues historiques et d&rsquo;accessoires pour enrichir vos parcours culturels.<\/li>\n\n\n\n<li><strong>Animations \u00ab\u00a0Savoir-faire\u00a0\u00bb :<\/strong> D\u00e9monstrations de m\u00e9tiers d&rsquo;art (broderie, tricot, crochet, couture historique) et ateliers de calligraphie \u00e0 la plume.<\/li>\n\n\n\n<li><strong>Danse du XIX\u00e8me Si\u00e8cle :<\/strong> (Notre sp\u00e9cialit\u00e9 chor\u00e9graphique) D\u00e9monstrations de quadrilles et valses pour faire briller vos bals et r\u00e9ceptions.<\/li>\n<\/ul>\n<\/div>\n<\/div>\n<\/div>\n<\/div>\n<\/div>\n<\/div>\n\n\n\n<figure class=\"wp-block-image size-large\"><img loading=\"lazy\" decoding=\"async\" width=\"1024\" height=\"682\" src=\"https:\/\/passion-costumes.fr\/wp-content\/uploads\/2026\/04\/wp-17757713344151159058802342008629-1024x682.jpg\" alt=\"\" class=\"wp-image-198\" srcset=\"https:\/\/passion-costumes.fr\/wp-content\/uploads\/2026\/04\/wp-17757713344151159058802342008629-1024x682.jpg 1024w, https:\/\/passion-costumes.fr\/wp-content\/uploads\/2026\/04\/wp-17757713344151159058802342008629-300x200.jpg 300w, https:\/\/passion-costumes.fr\/wp-content\/uploads\/2026\/04\/wp-17757713344151159058802342008629-768x512.jpg 768w, https:\/\/passion-costumes.fr\/wp-content\/uploads\/2026\/04\/wp-17757713344151159058802342008629-1536x1024.jpg 1536w, https:\/\/passion-costumes.fr\/wp-content\/uploads\/2026\/04\/wp-17757713344151159058802342008629.jpg 2000w\" sizes=\"auto, (max-width: 1024px) 100vw, 1024px\" \/><\/figure>\n\n\n\n<div class=\"wp-block-group alignfull has-global-padding is-layout-constrained wp-block-group-is-layout-constrained\">\n<div class=\"wp-block-group alignwide has-global-padding is-layout-constrained wp-block-group-is-layout-constrained\">\n<h3 class=\"wp-block-heading alignwide\"><strong>Le \u00ab\u00a0Sur-Mesure\u00a0\u00bb au c\u0153ur de notre d\u00e9marche<\/strong><\/h3>\n\n\n\n<p><strong>Vous avez un projet sp\u00e9cifique ? Nous le construisons avec vous.<\/strong> Chaque \u00e9v\u00e9nement est unique. C\u2019est pourquoi nous aimons travailler en \u00e9troite collaboration avec les municipalit\u00e9s, les ch\u00e2teaux et les organisateurs de festivals. Nous pouvons adapter nos \u00e9poques, nos th\u00e9matiques et nos ateliers pour qu&rsquo;ils s&rsquo;int\u00e8grent parfaitement \u00e0 votre programmation.<\/p>\n<\/div>\n\n\n\n<blockquote class=\"wp-block-quote is-layout-flow wp-block-quote-is-layout-flow\">\n<p><strong>Notre engagement :<\/strong> Passion Costumes garantit une qualit\u00e9 de pr\u00e9sentation irr\u00e9prochable et un profond respect de la d\u00e9ontologie associative, assurant le succ\u00e8s de votre manifestation.<\/p>\n<\/blockquote>\n<\/div>\n\n\n\n<div class=\"wp-block-buttons alignfull is-content-justification-right is-layout-flex wp-container-core-buttons-is-layout-d445cf74 wp-block-buttons-is-layout-flex\">\n<div class=\"wp-block-button\"><a class=\"wp-block-button__link wp-element-button\" href=\"https:\/\/passion-costumes.fr\/index.php\/contact\/\">Solliciter l&rsquo;association pour un projet<\/a><\/div>\n<\/div>\n\n\n\n<p><\/p>\n","protected":false},"excerpt":{"rendered":"<p>Un voyage \u00e0 travers les \u00e9poques De la rigueur du Moyen \u00c2ge \u00e0 l&rsquo;\u00e9l\u00e9gance des ann\u00e9es 1960, jusqu\u2019aux confins de l\u2019imaginaire, Passion Costumes donne vie \u00e0 vos projets les plus ambitieux. Un r\u00e9pertoire historique et fantastique sans limite Notre association ne se limite pas \u00e0 une seule p\u00e9riode. Nous disposons d&rsquo;un vestiaire et d&rsquo;un savoir-faire [&hellip;]<\/p>\n","protected":false},"author":1,"featured_media":0,"parent":0,"menu_order":0,"comment_status":"closed","ping_status":"closed","template":"","meta":{"footnotes":""},"class_list":["post-40","page","type-page","status-publish","hentry"],"jetpack_sharing_enabled":true,"_links":{"self":[{"href":"https:\/\/passion-costumes.fr\/index.php\/wp-json\/wp\/v2\/pages\/40","targetHints":{"allow":["GET"]}}],"collection":[{"href":"https:\/\/passion-costumes.fr\/index.php\/wp-json\/wp\/v2\/pages"}],"about":[{"href":"https:\/\/passion-costumes.fr\/index.php\/wp-json\/wp\/v2\/types\/page"}],"author":[{"embeddable":true,"href":"https:\/\/passion-costumes.fr\/index.php\/wp-json\/wp\/v2\/users\/1"}],"replies":[{"embeddable":true,"href":"https:\/\/passion-costumes.fr\/index.php\/wp-json\/wp\/v2\/comments?post=40"}],"version-history":[{"count":7,"href":"https:\/\/passion-costumes.fr\/index.php\/wp-json\/wp\/v2\/pages\/40\/revisions"}],"predecessor-version":[{"id":275,"href":"https:\/\/passion-costumes.fr\/index.php\/wp-json\/wp\/v2\/pages\/40\/revisions\/275"}],"wp:attachment":[{"href":"https:\/\/passion-costumes.fr\/index.php\/wp-json\/wp\/v2\/media?parent=40"}],"curies":[{"name":"wp","href":"https:\/\/api.w.org\/{rel}","templated":true}]}}