{"id":122,"date":"2026-04-10T12:38:17","date_gmt":"2026-04-10T12:38:17","guid":{"rendered":"https:\/\/passion-costumes.fr\/?page_id=122"},"modified":"2026-04-10T12:38:17","modified_gmt":"2026-04-10T12:38:17","slug":"contact","status":"publish","type":"page","link":"https:\/\/passion-costumes.fr\/index.php\/contact\/","title":{"rendered":"Contact"},"content":{"rendered":"\n<p><strong>## Collaborons ensemble<\/strong><\/p>\n\n\n\n<p>Vous souhaitez donner une dimension historique \u00e0 votre \u00e9v\u00e9nement? Remplissez le formulaire ci-dessous. Notre bureau \u00e9tudiera votre demande avec attention pour vous proposer une animation sur-mesure.<\/p>\n\n\n<div class=\"wp-block-jetpack-contact-form is-layout-flex wp-container-jetpack-contact-form-is-layout-2b4208ba wp-block-jetpack-contact-form-is-layout-flex\"><a href=\"https:\/\/passion-costumes.fr\/index.php\/contact\/\" target=\"_blank\" rel=\"noopener noreferrer\">Soumettre un formulaire.<\/a><\/div>","protected":false},"excerpt":{"rendered":"<p>## Collaborons ensemble Vous souhaitez donner une dimension historique \u00e0 votre \u00e9v\u00e9nement? Remplissez le formulaire ci-dessous. Notre bureau \u00e9tudiera votre demande avec attention pour vous proposer une animation sur-mesure.<\/p>\n","protected":false},"author":1,"featured_media":0,"parent":0,"menu_order":0,"comment_status":"closed","ping_status":"closed","template":"","meta":{"footnotes":""},"class_list":["post-122","page","type-page","status-publish","hentry"],"jetpack_sharing_enabled":true,"_links":{"self":[{"href":"https:\/\/passion-costumes.fr\/index.php\/wp-json\/wp\/v2\/pages\/122","targetHints":{"allow":["GET"]}}],"collection":[{"href":"https:\/\/passion-costumes.fr\/index.php\/wp-json\/wp\/v2\/pages"}],"about":[{"href":"https:\/\/passion-costumes.fr\/index.php\/wp-json\/wp\/v2\/types\/page"}],"author":[{"embeddable":true,"href":"https:\/\/passion-costumes.fr\/index.php\/wp-json\/wp\/v2\/users\/1"}],"replies":[{"embeddable":true,"href":"https:\/\/passion-costumes.fr\/index.php\/wp-json\/wp\/v2\/comments?post=122"}],"version-history":[{"count":1,"href":"https:\/\/passion-costumes.fr\/index.php\/wp-json\/wp\/v2\/pages\/122\/revisions"}],"predecessor-version":[{"id":123,"href":"https:\/\/passion-costumes.fr\/index.php\/wp-json\/wp\/v2\/pages\/122\/revisions\/123"}],"wp:attachment":[{"href":"https:\/\/passion-costumes.fr\/index.php\/wp-json\/wp\/v2\/media?parent=122"}],"curies":[{"name":"wp","href":"https:\/\/api.w.org\/{rel}","templated":true}]}}